{"id":74,"date":"2011-03-21T14:30:29","date_gmt":"2011-03-21T14:30:29","guid":{"rendered":"http:\/\/bruksslojd.se\/?page_id=74"},"modified":"2022-11-28T17:36:51","modified_gmt":"2022-11-28T17:36:51","slug":"start","status":"publish","type":"page","link":"https:\/\/bruksslojd.se\/?page_id=74","title":{"rendered":"V\u00e4lkommen till en v\u00e4rld av sl\u00f6jd!"},"content":{"rendered":"\n<p>V\u00e4lkommen&nbsp;in i v\u00e5r virtuella v\u00e4rld av sl\u00f6jd! Vill du se vad som h\u00e4nder just nu &#8211; klicka p\u00e5 flik AKTUELLT h\u00e4r ovan!<\/p>\n\n\n\n<p>Produktkatalogerna, fr\u00e4mst textil, uppdateras l\u00f6pande, allteftersom vi producerar. &nbsp;D\u00e5 och d\u00e5 g\u00f6r vi ett blogginl\u00e4gg om v\u00e5ra vederm\u00f6dor, se fliken Hem ovan eller rubriken Bloggarkiv till h\u00f6ger.<\/p>\n\n\n\n<p>V\u00e5rt motto \u00e4r \u201dTr\u00e4 och textil f\u00f6r en vackrare vardag\u201d.<\/p>\n\n\n<div class=\"wp-block-image\">\n<figure class=\"alignright\"><img loading=\"lazy\" decoding=\"async\" width=\"150\" height=\"150\" src=\"https:\/\/bruksslojd.se\/wp-content\/uploads\/2011\/03\/Kerstin-i-v\u00e4vstolen-071-150x150.jpg\" alt=\"\" class=\"wp-image-77\" title=\"Kerstin i v\u00e4vstolen 07\"\/><\/figure>\n<\/div>\n\n\n<p>V\u00e5r atelj\u00e9 finns i Bromm\u00f6sund p\u00e5 Tors\u00f6 i V\u00e4nersk\u00e4rg\u00e5rden norr om Mariestad. F\u00f6r m\u00f6jlighet att bes\u00f6ka oss, se flik &#8221;Kontakt&#8221; ovan.<\/p>\n\n\n\n<p>Vi \u00e4r medlemmar i Skaraborgs Hemsl\u00f6jdsf\u00f6rening, och vi deltar p\u00e5 en del marknader i l\u00e4net, fr\u00e4mst kanske i norra l\u00e4nsdelen, se \u00e4ven flik &#8221;Aktuellt&#8221; ovan.<\/p>\n\n\n\n<p>Tills vi ses i verkligheten &#8211; v\u00e4lkommen in i v\u00e5r v\u00e4rld av sl\u00f6jd!<\/p>\n\n\n\n<p>Kerstin Hjelmare<br><img loading=\"lazy\" decoding=\"async\" width=\"1\" height=\"1\" border=\"0\" src=\"http:\/\/counter.loopia.se\/stats_img.php domain=bruksslojd.se_Bes%C3%B6kare\" alt=\"\"><\/p>\n","protected":false},"excerpt":{"rendered":"<p>V\u00e4lkommen&nbsp;in i v\u00e5r virtuella v\u00e4rld av sl\u00f6jd! Vill du se vad som h\u00e4nder just nu &#8211; klicka p\u00e5 flik AKTUELLT h\u00e4r ovan! Produktkatalogerna, fr\u00e4mst textil, uppdateras l\u00f6pande, allteftersom vi producerar. &nbsp;D\u00e5 och d\u00e5 g\u00f6r vi ett blogginl\u00e4gg om v\u00e5ra vederm\u00f6dor, &hellip; <a href=\"https:\/\/bruksslojd.se\/?page_id=74\">Forts\u00e4tt l\u00e4sa <span class=\"meta-nav\">&rarr;<\/span><\/a><\/p>\n","protected":false},"author":1,"featured_media":0,"parent":0,"menu_order":0,"comment_status":"open","ping_status":"open","template":"","meta":{"footnotes":""},"class_list":["post-74","page","type-page","status-publish","hentry"],"_links":{"self":[{"href":"https:\/\/bruksslojd.se\/index.php?rest_route=\/wp\/v2\/pages\/74","targetHints":{"allow":["GET"]}}],"collection":[{"href":"https:\/\/bruksslojd.se\/index.php?rest_route=\/wp\/v2\/pages"}],"about":[{"href":"https:\/\/bruksslojd.se\/index.php?rest_route=\/wp\/v2\/types\/page"}],"author":[{"embeddable":true,"href":"https:\/\/bruksslojd.se\/index.php?rest_route=\/wp\/v2\/users\/1"}],"replies":[{"embeddable":true,"href":"https:\/\/bruksslojd.se\/index.php?rest_route=%2Fwp%2Fv2%2Fcomments&post=74"}],"version-history":[{"count":18,"href":"https:\/\/bruksslojd.se\/index.php?rest_route=\/wp\/v2\/pages\/74\/revisions"}],"predecessor-version":[{"id":948,"href":"https:\/\/bruksslojd.se\/index.php?rest_route=\/wp\/v2\/pages\/74\/revisions\/948"}],"wp:attachment":[{"href":"https:\/\/bruksslojd.se\/index.php?rest_route=%2Fwp%2Fv2%2Fmedia&parent=74"}],"curies":[{"name":"wp","href":"https:\/\/api.w.org\/{rel}","templated":true}]}}