{"id":291,"date":"2013-02-12T19:02:28","date_gmt":"2013-02-12T19:02:28","guid":{"rendered":"http:\/\/bruksslojd.se\/?page_id=291"},"modified":"2018-07-30T13:49:16","modified_gmt":"2018-07-30T13:49:16","slug":"mattor","status":"publish","type":"page","link":"https:\/\/bruksslojd.se\/?page_id=291","title":{"rendered":"Mattor"},"content":{"rendered":"<p>Majoriteten av mina mattor har v\u00e4vts p\u00e5 best\u00e4llning, efter kundens \u00f6nskem\u00e5l om bredd, l\u00e4ngd och f\u00e4rg. Ofta blir mattan komponerad till ett visst rum, d\u00e4r jag haft f\u00e4rgprov att utg\u00e5 ifr\u00e5n. Standardbredd \u00e4r 80 cm, annat b\u00f6r avtalas s\u00e4rskilt.<\/p>\n<p><img loading=\"lazy\" decoding=\"async\" class=\"alignleft wp-image-744 size-medium\" src=\"https:\/\/bruksslojd.se\/wp-content\/uploads\/2018\/01\/IMG_0054-e1516564969201-225x300.jpg\" alt=\"IMG_0054\" width=\"225\" height=\"300\" srcset=\"https:\/\/bruksslojd.se\/wp-content\/uploads\/2018\/01\/IMG_0054-e1516564969201-225x300.jpg 225w, https:\/\/bruksslojd.se\/wp-content\/uploads\/2018\/01\/IMG_0054-e1516564969201-768x1024.jpg 768w\" sizes=\"auto, (max-width: 225px) 100vw, 225px\" \/><\/p>\n<p><img loading=\"lazy\" decoding=\"async\" class=\"alignleft wp-image-787 size-medium\" src=\"https:\/\/bruksslojd.se\/wp-content\/uploads\/2018\/07\/IMG_E0476-300x225.jpg\" alt=\"IMG_E0476\" width=\"300\" height=\"225\" srcset=\"https:\/\/bruksslojd.se\/wp-content\/uploads\/2018\/07\/IMG_E0476-300x225.jpg 300w, https:\/\/bruksslojd.se\/wp-content\/uploads\/2018\/07\/IMG_E0476-1024x767.jpg 1024w\" sizes=\"auto, (max-width: 300px) 100vw, 300px\" \/><\/p>\n<p>&#8221;Omtrampad kypert&#8221; med en viggeffekt i mattan oberoende av f\u00e4rg. Viggen har f\u00f6rst\u00e4rkts av inplock i samma accentf\u00e4rg som i f\u00e5llarna.<\/p>\n<p>&nbsp;<\/p>\n<p><a href=\"https:\/\/bruksslojd.se\/wp-content\/uploads\/2013\/02\/Lindahls-2013.jpg\"><img loading=\"lazy\" decoding=\"async\" class=\"alignleft wp-image-328 size-medium\" title=\"Lindahls 2013\" src=\"https:\/\/bruksslojd.se\/wp-content\/uploads\/2013\/02\/Lindahls-2013-300x225.jpg\" alt=\"\" width=\"300\" height=\"225\" srcset=\"https:\/\/bruksslojd.se\/wp-content\/uploads\/2013\/02\/Lindahls-2013-300x225.jpg 300w, https:\/\/bruksslojd.se\/wp-content\/uploads\/2013\/02\/Lindahls-2013.jpg 640w\" sizes=\"auto, (max-width: 300px) 100vw, 300px\" \/><\/a><\/p>\n<p>&nbsp;<\/p>\n<p>Kollektion till en \u00f6verv\u00e5ning: Tv\u00e5 klassiskt randiga och en i rutig dubbelv\u00e4v.<\/p>\n<p>&nbsp;<\/p>\n<p>&nbsp;<\/p>\n<p>&nbsp;<\/p>\n<p><a href=\"https:\/\/bruksslojd.se\/wp-content\/uploads\/2013\/02\/Erikssons-2-st-3\u00bd-m-2013034-5.jpg\"><img loading=\"lazy\" decoding=\"async\" class=\"alignleft wp-image-327 size-thumbnail\" title=\"Erikssons 2 st 3\u00bd m 2013034 (5)\" src=\"https:\/\/bruksslojd.se\/wp-content\/uploads\/2013\/02\/Erikssons-2-st-3\u00bd-m-2013034-5-150x150.jpg\" alt=\"\" width=\"150\" height=\"150\" \/><\/a><a href=\"https:\/\/bruksslojd.se\/wp-content\/uploads\/2013\/02\/Erikssons-2-st-3\u00bd-m-2013034-2.jpg\"><img loading=\"lazy\" decoding=\"async\" class=\"alignleft wp-image-326 size-thumbnail\" title=\"Detalj\" src=\"https:\/\/bruksslojd.se\/wp-content\/uploads\/2013\/02\/Erikssons-2-st-3\u00bd-m-2013034-2-150x150.jpg\" alt=\"\" width=\"150\" height=\"150\" \/><\/a><\/p>\n<p>Tv\u00e5 likadana mattor, 3,5 m l\u00e5nga, i klassisk randning i bl\u00e5tt.<\/p>\n<p>&nbsp;<\/p>\n<p>&nbsp;<\/p>\n<p><a href=\"https:\/\/bruksslojd.se\/wp-content\/uploads\/2011\/03\/Lingon-bl\u00e5b\u00e4r-2.jpg\"><img loading=\"lazy\" decoding=\"async\" class=\"alignleft wp-image-251 size-thumbnail\" title=\"Lingon &amp; bl\u00e5b\u00e4r \" src=\"https:\/\/bruksslojd.se\/wp-content\/uploads\/2011\/03\/Lingon-bl\u00e5b\u00e4r-2-150x150.jpg\" alt=\"\" width=\"150\" height=\"150\" \/><\/a><a href=\"https:\/\/bruksslojd.se\/wp-content\/uploads\/2011\/03\/Lingon-bl\u00e5b\u00e4r-3.jpg\"><img loading=\"lazy\" decoding=\"async\" class=\"alignleft wp-image-252 size-thumbnail\" title=\"Lingon &amp; bl\u00e5b\u00e4r \" src=\"https:\/\/bruksslojd.se\/wp-content\/uploads\/2011\/03\/Lingon-bl\u00e5b\u00e4r-3-150x150.jpg\" alt=\"\" width=\"150\" height=\"150\" \/><\/a><\/p>\n<p>&nbsp;<\/p>\n<p>B\u00f6rjar i lingonr\u00f6tt och \u00f6verg\u00e5r i bl\u00e5b\u00e4rsbl\u00e5tt.<\/p>\n<p>&nbsp;<\/p>\n<p>&nbsp;<\/p>\n<p><a href=\"https:\/\/bruksslojd.se\/wp-content\/uploads\/2011\/03\/Holmblads-matta-003-2-e1360693670933.jpg\"><img loading=\"lazy\" decoding=\"async\" class=\"alignleft wp-image-248 size-thumbnail\" title=\"Holmblads matta 003 (2)\" src=\"https:\/\/bruksslojd.se\/wp-content\/uploads\/2011\/03\/Holmblads-matta-003-2-e1360693670933-150x150.jpg\" alt=\"\" width=\"150\" height=\"150\" \/><\/a><a href=\"https:\/\/bruksslojd.se\/wp-content\/uploads\/2011\/03\/Svartgr\u00e5r\u00f6d.jpg\"><img loading=\"lazy\" decoding=\"async\" class=\"alignright wp-image-228 size-thumbnail\" title=\"Svartgr\u00e5r\u00f6d\" src=\"https:\/\/bruksslojd.se\/wp-content\/uploads\/2011\/03\/Svartgr\u00e5r\u00f6d-150x150.jpg\" alt=\"\" width=\"150\" height=\"150\" \/><\/a><\/p>\n<p>&nbsp;<\/p>\n<p>Enf\u00e4rgade trasor, melerade trasor &#8211; helt olika uttryck p\u00e5 tv\u00e5 annars likartade randningar.<\/p>\n<p>&nbsp;<\/p>\n<p><a href=\"https:\/\/bruksslojd.se\/wp-content\/uploads\/2011\/03\/Astrid-gr\u00f6n-2.jpg\"><img loading=\"lazy\" decoding=\"async\" class=\"alignleft wp-image-247 size-medium\" src=\"https:\/\/bruksslojd.se\/wp-content\/uploads\/2011\/03\/Astrid-gr\u00f6n-2-300x225.jpg\" alt=\"Astrid gr\u00f6n (2)\" width=\"300\" height=\"225\" srcset=\"https:\/\/bruksslojd.se\/wp-content\/uploads\/2011\/03\/Astrid-gr\u00f6n-2-300x225.jpg 300w, https:\/\/bruksslojd.se\/wp-content\/uploads\/2011\/03\/Astrid-gr\u00f6n-2-1024x768.jpg 1024w, https:\/\/bruksslojd.se\/wp-content\/uploads\/2011\/03\/Astrid-gr\u00f6n-2.jpg 1600w\" sizes=\"auto, (max-width: 300px) 100vw, 300px\" \/><\/a><\/p>\n<p>&nbsp;<\/p>\n<p>Mattan &#8221;Astrid&#8221; till v\u00e4nster, h\u00e4r i gr\u00f6nt, har jag v\u00e4vt i bl\u00e5tt och i r\u00f6tt, samma teknik med inspr\u00e4ngda stumpar cerise, orange, \u00e4rtgr\u00f6nt och gult.<\/p>\n<p>&nbsp;<\/p>\n<p>&nbsp;<\/p>\n<p>&nbsp;<\/p>\n<p><a href=\"https:\/\/bruksslojd.se\/wp-content\/uploads\/2011\/03\/Svartbl\u00e5r\u00f6d-2.jpg\"><img loading=\"lazy\" decoding=\"async\" class=\"alignleft wp-image-227 size-thumbnail\" title=\"Svartbl\u00e5r\u00f6d (2)\" src=\"https:\/\/bruksslojd.se\/wp-content\/uploads\/2011\/03\/Svartbl\u00e5r\u00f6d-2-150x150.jpg\" alt=\"\" width=\"150\" height=\"150\" \/><\/a><a href=\"https:\/\/bruksslojd.se\/wp-content\/uploads\/2011\/03\/Gr\u00f6nrandig.jpg\"><img loading=\"lazy\" decoding=\"async\" class=\"alignleft wp-image-222 size-thumbnail\" title=\"Gr\u00f6nrandig\" src=\"https:\/\/bruksslojd.se\/wp-content\/uploads\/2011\/03\/Gr\u00f6nrandig-150x150.jpg\" alt=\"\" width=\"150\" height=\"150\" \/><\/a><a href=\"https:\/\/bruksslojd.se\/wp-content\/uploads\/2011\/03\/Gunmarie-badrum-2.jpg\"><img loading=\"lazy\" decoding=\"async\" class=\"alignleft wp-image-223 size-thumbnail\" title=\"Gunmarie \" src=\"https:\/\/bruksslojd.se\/wp-content\/uploads\/2011\/03\/Gunmarie-badrum-2-150x150.jpg\" alt=\"\" width=\"150\" height=\"150\" \/><\/a><a href=\"https:\/\/bruksslojd.se\/wp-content\/uploads\/2011\/03\/063-1.jpg\"><img loading=\"lazy\" decoding=\"async\" class=\"alignleft wp-image-198 size-thumbnail\" title=\"Gr\u00f6n-vit zigzag\" src=\"https:\/\/bruksslojd.se\/wp-content\/uploads\/2011\/03\/063-1-150x150.jpg\" alt=\"\" width=\"150\" height=\"150\" \/><\/a><a href=\"https:\/\/bruksslojd.se\/wp-content\/uploads\/2011\/03\/Dagmars-hallmatta.jpg\"><img loading=\"lazy\" decoding=\"async\" class=\"alignleft wp-image-160 size-thumbnail\" title=\"Dagmars hallmatta\" src=\"https:\/\/bruksslojd.se\/wp-content\/uploads\/2011\/03\/Dagmars-hallmatta-150x150.jpg\" alt=\"\" width=\"150\" height=\"150\" \/><\/a><a href=\"https:\/\/bruksslojd.se\/wp-content\/uploads\/2011\/03\/Egen-julmatta.jpg\"><img loading=\"lazy\" decoding=\"async\" class=\"alignleft wp-image-159 size-thumbnail\" title=\"Egen julmatta\" src=\"https:\/\/bruksslojd.se\/wp-content\/uploads\/2011\/03\/Egen-julmatta-150x150.jpg\" alt=\"\" width=\"150\" height=\"150\" \/><\/a><\/p>\n<p>&nbsp;<\/p>\n<p>&nbsp;<\/p>\n<p>&nbsp;<\/p>\n","protected":false},"excerpt":{"rendered":"<p>Majoriteten av mina mattor har v\u00e4vts p\u00e5 best\u00e4llning, efter kundens \u00f6nskem\u00e5l om bredd, l\u00e4ngd och f\u00e4rg. Ofta blir mattan komponerad till ett visst rum, d\u00e4r jag haft f\u00e4rgprov att utg\u00e5 ifr\u00e5n. Standardbredd \u00e4r 80 cm, annat b\u00f6r avtalas s\u00e4rskilt. &#8221;Omtrampad &hellip; <a href=\"https:\/\/bruksslojd.se\/?page_id=291\">Forts\u00e4tt l\u00e4sa <span class=\"meta-nav\">&rarr;<\/span><\/a><\/p>\n","protected":false},"author":1,"featured_media":0,"parent":12,"menu_order":0,"comment_status":"open","ping_status":"open","template":"","meta":{"footnotes":""},"class_list":["post-291","page","type-page","status-publish","hentry"],"_links":{"self":[{"href":"https:\/\/bruksslojd.se\/index.php?rest_route=\/wp\/v2\/pages\/291","targetHints":{"allow":["GET"]}}],"collection":[{"href":"https:\/\/bruksslojd.se\/index.php?rest_route=\/wp\/v2\/pages"}],"about":[{"href":"https:\/\/bruksslojd.se\/index.php?rest_route=\/wp\/v2\/types\/page"}],"author":[{"embeddable":true,"href":"https:\/\/bruksslojd.se\/index.php?rest_route=\/wp\/v2\/users\/1"}],"replies":[{"embeddable":true,"href":"https:\/\/bruksslojd.se\/index.php?rest_route=%2Fwp%2Fv2%2Fcomments&post=291"}],"version-history":[{"count":10,"href":"https:\/\/bruksslojd.se\/index.php?rest_route=\/wp\/v2\/pages\/291\/revisions"}],"predecessor-version":[{"id":792,"href":"https:\/\/bruksslojd.se\/index.php?rest_route=\/wp\/v2\/pages\/291\/revisions\/792"}],"up":[{"embeddable":true,"href":"https:\/\/bruksslojd.se\/index.php?rest_route=\/wp\/v2\/pages\/12"}],"wp:attachment":[{"href":"https:\/\/bruksslojd.se\/index.php?rest_route=%2Fwp%2Fv2%2Fmedia&parent=291"}],"curies":[{"name":"wp","href":"https:\/\/api.w.org\/{rel}","templated":true}]}}