{"id":2,"date":"2011-03-15T17:45:49","date_gmt":"2011-03-15T17:45:49","guid":{"rendered":"http:\/\/bruksslojd.se\/?page_id=2"},"modified":"2025-06-18T17:05:10","modified_gmt":"2025-06-18T17:05:10","slug":"sample-page","status":"publish","type":"page","link":"https:\/\/bruksslojd.se\/?page_id=2","title":{"rendered":"Kontakt"},"content":{"rendered":"<div class=\"wp-block-image\">\n<figure class=\"alignleft size-thumbnail is-resized\"><img loading=\"lazy\" decoding=\"async\" src=\"https:\/\/bruksslojd.se\/wp-content\/uploads\/2025\/06\/19-150x150.jpeg\" alt=\"\" class=\"wp-image-1186\" width=\"277\" height=\"208\" title=\"Atelj\u00e9n \" srcset=\"https:\/\/bruksslojd.se\/wp-content\/uploads\/2025\/06\/19-300x225.jpeg 300w, https:\/\/bruksslojd.se\/wp-content\/uploads\/2025\/06\/19-1024x768.jpeg 1024w, https:\/\/bruksslojd.se\/wp-content\/uploads\/2025\/06\/19-768x576.jpeg 768w, https:\/\/bruksslojd.se\/wp-content\/uploads\/2025\/06\/19-1536x1152.jpeg 1536w, https:\/\/bruksslojd.se\/wp-content\/uploads\/2025\/06\/19.jpeg 2048w\" sizes=\"auto, (max-width: 277px) 100vw, 277px\" \/><\/figure>\n<\/div>\n\n\n<p>Vi finns i Bromm\u00f6sund p\u00e5 Tors\u00f6, norr om Mariestad.<\/p>\n\n\n\n<p>Adress: Bromm\u00f6sund Jivelund 1, 542 91 Tors\u00f6 <a title=\"Hitta hit\" href=\"http:\/\/kartor.eniro.se\/m\/nUg7K\" target=\"_blank\" rel=\"noopener\">Klicka h\u00e4r och se var p\u00e5 kartan<\/a><\/p>\n\n\n\n<p>Tel: 070-6622115<\/p>\n\n\n\n<p>Mail: <a href=\"mailto:info.bruksslojd@tele2.se\">kerstinhjelmare48<\/a>@gmail.com<\/p>\n\n\n\n<p><\/p>\n\n\n\n<p>S\u00f6ker du n\u00e5got specifikt \u00e4r du v\u00e4lkommen att h\u00f6ra av dig per telefon eller mail!<\/p>\n","protected":false},"excerpt":{"rendered":"<p>Vi finns i Bromm\u00f6sund p\u00e5 Tors\u00f6, norr om Mariestad. Adress: Bromm\u00f6sund Jivelund 1, 542 91 Tors\u00f6 Klicka h\u00e4r och se var p\u00e5 kartan Tel: 070-6622115 Mail: kerstinhjelmare48@gmail.com S\u00f6ker du n\u00e5got specifikt \u00e4r du v\u00e4lkommen att h\u00f6ra av dig per telefon &hellip; <a href=\"https:\/\/bruksslojd.se\/?page_id=2\">Forts\u00e4tt l\u00e4sa <span class=\"meta-nav\">&rarr;<\/span><\/a><\/p>\n","protected":false},"author":1,"featured_media":0,"parent":0,"menu_order":0,"comment_status":"open","ping_status":"open","template":"","meta":{"footnotes":""},"class_list":["post-2","page","type-page","status-publish","hentry"],"_links":{"self":[{"href":"https:\/\/bruksslojd.se\/index.php?rest_route=\/wp\/v2\/pages\/2","targetHints":{"allow":["GET"]}}],"collection":[{"href":"https:\/\/bruksslojd.se\/index.php?rest_route=\/wp\/v2\/pages"}],"about":[{"href":"https:\/\/bruksslojd.se\/index.php?rest_route=\/wp\/v2\/types\/page"}],"author":[{"embeddable":true,"href":"https:\/\/bruksslojd.se\/index.php?rest_route=\/wp\/v2\/users\/1"}],"replies":[{"embeddable":true,"href":"https:\/\/bruksslojd.se\/index.php?rest_route=%2Fwp%2Fv2%2Fcomments&post=2"}],"version-history":[{"count":22,"href":"https:\/\/bruksslojd.se\/index.php?rest_route=\/wp\/v2\/pages\/2\/revisions"}],"predecessor-version":[{"id":1198,"href":"https:\/\/bruksslojd.se\/index.php?rest_route=\/wp\/v2\/pages\/2\/revisions\/1198"}],"wp:attachment":[{"href":"https:\/\/bruksslojd.se\/index.php?rest_route=%2Fwp%2Fv2%2Fmedia&parent=2"}],"curies":[{"name":"wp","href":"https:\/\/api.w.org\/{rel}","templated":true}]}}